{"id":6651,"date":"2024-04-08T08:30:35","date_gmt":"2024-04-08T08:30:35","guid":{"rendered":"https:\/\/dev.uh2.eu\/?page_id=6651"},"modified":"2024-04-08T08:56:54","modified_gmt":"2024-04-08T08:56:54","slug":"cookie-policy","status":"publish","type":"page","link":"https:\/\/dev.uh2.eu\/sv\/cookie-policy\/","title":{"rendered":"Cookiepolicy"},"content":{"rendered":"<div data-elementor-type=\"wp-page\" data-elementor-id=\"6651\" class=\"elementor elementor-6651\" data-elementor-post-type=\"page\">\n\t\t\t\t<div class=\"elementor-element elementor-element-e98e7f4 e-flex e-con-boxed wpr-particle-no wpr-jarallax-no wpr-parallax-no wpr-sticky-section-no e-con e-parent\" data-id=\"e98e7f4\" data-element_type=\"container\" data-settings=\"{&quot;background_background&quot;:&quot;classic&quot;}\">\n\t\t\t\t\t<div class=\"e-con-inner\">\n\t\t\t\t<div class=\"elementor-element elementor-element-f573ba8 elementor-widget elementor-widget-spacer\" data-id=\"f573ba8\" data-element_type=\"widget\" data-widget_type=\"spacer.default\">\n\t\t\t\t<div class=\"elementor-widget-container\">\n\t\t\t<style>\/*! elementor - v3.21.0 - 30-04-2024 *\/\n.elementor-column .elementor-spacer-inner{height:var(--spacer-size)}.e-con{--container-widget-width:100%}.e-con-inner>.elementor-widget-spacer,.e-con>.elementor-widget-spacer{width:var(--container-widget-width,var(--spacer-size));--align-self:var(--container-widget-align-self,initial);--flex-shrink:0}.e-con-inner>.elementor-widget-spacer>.elementor-widget-container,.e-con>.elementor-widget-spacer>.elementor-widget-container{height:100%;width:100%}.e-con-inner>.elementor-widget-spacer>.elementor-widget-container>.elementor-spacer,.e-con>.elementor-widget-spacer>.elementor-widget-container>.elementor-spacer{height:100%}.e-con-inner>.elementor-widget-spacer>.elementor-widget-container>.elementor-spacer>.elementor-spacer-inner,.e-con>.elementor-widget-spacer>.elementor-widget-container>.elementor-spacer>.elementor-spacer-inner{height:var(--container-widget-height,var(--spacer-size))}.e-con-inner>.elementor-widget-spacer.elementor-widget-empty,.e-con>.elementor-widget-spacer.elementor-widget-empty{position:relative;min-height:22px;min-width:22px}.e-con-inner>.elementor-widget-spacer.elementor-widget-empty .elementor-widget-empty-icon,.e-con>.elementor-widget-spacer.elementor-widget-empty .elementor-widget-empty-icon{position:absolute;top:0;bottom:0;left:0;right:0;margin:auto;padding:0;width:22px;height:22px}<\/style>\t\t<div class=\"elementor-spacer\">\n\t\t\t<div class=\"elementor-spacer-inner\"><\/div>\n\t\t<\/div>\n\t\t\t\t<\/div>\n\t\t\t\t<\/div>\n\t\t\t\t<div class=\"elementor-element elementor-element-83abfc7 elementor-widget elementor-widget-heading\" data-id=\"83abfc7\" data-element_type=\"widget\" data-widget_type=\"heading.default\">\n\t\t\t\t<div class=\"elementor-widget-container\">\n\t\t\t<style>\/*! elementor - v3.21.0 - 30-04-2024 *\/\n.elementor-heading-title{padding:0;margin:0;line-height:1}.elementor-widget-heading .elementor-heading-title[class*=elementor-size-]>a{color:inherit;font-size:inherit;line-height:inherit}.elementor-widget-heading .elementor-heading-title.elementor-size-small{font-size:15px}.elementor-widget-heading .elementor-heading-title.elementor-size-medium{font-size:19px}.elementor-widget-heading .elementor-heading-title.elementor-size-large{font-size:29px}.elementor-widget-heading .elementor-heading-title.elementor-size-xl{font-size:39px}.elementor-widget-heading .elementor-heading-title.elementor-size-xxl{font-size:59px}<\/style><h2 class=\"elementor-heading-title elementor-size-default\">Cookiepolicy<\/h2>\t\t<\/div>\n\t\t\t\t<\/div>\n\t\t\t\t\t<\/div>\n\t\t\t\t<\/div>\n\t\t<div class=\"elementor-element elementor-element-8249ae7 e-flex e-con-boxed wpr-particle-no wpr-jarallax-no wpr-parallax-no wpr-sticky-section-no e-con e-parent\" data-id=\"8249ae7\" data-element_type=\"container\" data-settings=\"{&quot;background_background&quot;:&quot;classic&quot;}\">\n\t\t\t\t\t<div class=\"e-con-inner\">\n\t\t\t\t<div class=\"elementor-element elementor-element-4bcc2804 elementor-widget elementor-widget-text-editor\" data-id=\"4bcc2804\" data-element_type=\"widget\" data-widget_type=\"text-editor.default\">\n\t\t\t\t<div class=\"elementor-widget-container\">\n\t\t\t<style>\/*! elementor - v3.21.0 - 30-04-2024 *\/\n.elementor-widget-text-editor.elementor-drop-cap-view-stacked .elementor-drop-cap{background-color:#69727d;color:#fff}.elementor-widget-text-editor.elementor-drop-cap-view-framed .elementor-drop-cap{color:#69727d;border:3px solid;background-color:transparent}.elementor-widget-text-editor:not(.elementor-drop-cap-view-default) .elementor-drop-cap{margin-top:8px}.elementor-widget-text-editor:not(.elementor-drop-cap-view-default) .elementor-drop-cap-letter{width:1em;height:1em}.elementor-widget-text-editor .elementor-drop-cap{float:left;text-align:center;line-height:1;font-size:50px}.elementor-widget-text-editor .elementor-drop-cap-letter{display:inline-block}<\/style>\t\t\t\t<!-- wp:paragraph -->\n<p><\/p>\n<!-- \/wp:paragraph -->\n\n<!-- wp:paragraph -->\n<p>En cookiepolicy \u00e4r en f\u00f6rklaring till alla anv\u00e4ndare om vilka cookies som \u00e4r aktiva p\u00e5 din webbplats, vilken anv\u00e4ndardata de sp\u00e5rar, f\u00f6r vilket \u00e4ndam\u00e5l och vart i v\u00e4rlden denna data skickas.<\/p>\n<!-- \/wp:paragraph -->\n\n<!-- wp:paragraph -->\n<p>Vi anv\u00e4nder cookies f\u00f6r att k\u00e4nna igen din webbl\u00e4sare eller enhet, l\u00e4ra oss mer om dina intressen och f\u00f6rse dig med viktiga funktioner och tj\u00e4nster, inklusive.<\/p>\n<!-- \/wp:paragraph -->\n\n<!-- wp:list -->\n<ul><!-- wp:list-item -->\n<li>Erk\u00e4nn varje g\u00e5ng du loggar in p\u00e5 v\u00e5r webbplats f\u00f6r att anv\u00e4nda v\u00e5ra tj\u00e4nster, vilket g\u00f6r att vi kan f\u00f6resl\u00e5 dig de b\u00e4sta rekommendationerna som passar din anv\u00e4ndarprofil.<\/li>\n<!-- \/wp:list-item -->\n\n<!-- wp:list-item -->\n<li>H\u00e5lla reda p\u00e5 dina preferenser, s\u00e5 att vi kan respektera dina intressen.<\/li>\n<!-- \/wp:list-item -->\n\n<!-- wp:list-item -->\n<li>H\u00e5lla reda p\u00e5 f\u00f6rem\u00e5l som lagras i \u00f6nskelistor och shoppingkassar.<\/li>\n<!-- \/wp:list-item -->\n\n<!-- wp:list-item -->\n<li>F\u00f6rhindra bedr\u00e4glig verksamhet.<\/li>\n<!-- \/wp:list-item -->\n\n<!-- wp:list-item -->\n<li>F\u00f6rb\u00e4ttra s\u00e4kerheten.<\/li>\n<!-- \/wp:list-item -->\n\n<!-- wp:list-item -->\n<li>Leverera inneh\u00e5ll, inklusive annonser och annat relevant inneh\u00e5ll som passar dina intressen.<\/li>\n<!-- \/wp:list-item -->\n\n<!-- wp:list-item -->\n<li>Rapportering, vilket g\u00f6r att vi kan m\u00e4ta och analysera prestandan f\u00f6r v\u00e5ra huvudsakliga tj\u00e4nster.<\/li>\n<!-- \/wp:list-item --><\/ul>\n<!-- \/wp:list -->\n\n<!-- wp:heading -->\n<h2 class=\"wp-block-heading\">Typer av kakor<\/h2>\n<!-- \/wp:heading -->\n\n<!-- wp:paragraph -->\n<p>F\u00f6ljande typer av cookies kan anv\u00e4ndas n\u00e4r du bes\u00f6ker webbplatsen:<\/p>\n<!-- \/wp:paragraph -->\n\n<!-- wp:paragraph -->\n<p><strong>Reklamkakor<\/strong><\/p>\n<!-- \/wp:paragraph -->\n\n<!-- wp:paragraph -->\n<p>Annonscookies placeras p\u00e5 din dator av annons\u00f6rer och annonsservrar f\u00f6r att visa annonser som med st\u00f6rsta sannolikhet \u00e4r av intresse f\u00f6r dig. Dessa cookies till\u00e5ter annons\u00f6rer och annonsservrar att samla information om dina bes\u00f6k p\u00e5 webbplatsen och andra webbplatser, alternera annonserna som skickas till en specifik dator och sp\u00e5ra hur ofta en annons har setts och av vem. Dessa cookies \u00e4r l\u00e4nkade till en dator och samlar ingen personlig information om dig.<\/p>\n<!-- \/wp:paragraph -->\n\n<!-- wp:paragraph -->\n<p><strong>Analytics-cookies<\/strong><\/p>\n<!-- \/wp:paragraph -->\n\n<!-- wp:paragraph -->\n<p>Analytics-cookies \u00f6vervakar hur anv\u00e4ndare n\u00e5dde webbplatsen och hur de interagerar med och r\u00f6r sig en g\u00e5ng p\u00e5 webbplatsen. Dessa cookies l\u00e5ter oss veta vilka funktioner p\u00e5 webbplatsen som fungerar b\u00e4st och vilka funktioner p\u00e5 webbplatsen som kan f\u00f6rb\u00e4ttras.<\/p>\n<!-- \/wp:paragraph -->\n\n<!-- wp:paragraph -->\n<p><strong>V\u00e5ra kakor<\/strong><\/p>\n<!-- \/wp:paragraph -->\n\n<!-- wp:paragraph -->\n<p>V\u00e5ra cookies \u00e4r &quot;f\u00f6rstapartscookies&quot; och kan vara antingen permanenta eller tillf\u00e4lliga. Dessa \u00e4r n\u00f6dv\u00e4ndiga cookies, utan vilka webbplatsen inte fungerar korrekt eller kan tillhandah\u00e5lla vissa funktioner och funktioner. Vissa av dessa kan inaktiveras manuellt i din webbl\u00e4sare, men kan p\u00e5verka webbplatsens funktionalitet.<\/p>\n<!-- \/wp:paragraph -->\n\n<!-- wp:paragraph -->\n<p><strong>Personaliseringscookies<\/strong><\/p>\n<!-- \/wp:paragraph -->\n\n<!-- wp:paragraph -->\n<p>Personaliseringscookies anv\u00e4nds f\u00f6r att k\u00e4nna igen \u00e5terkommande bes\u00f6kare p\u00e5 webbplatsen. Vi anv\u00e4nder dessa cookies f\u00f6r att registrera din webbhistorik, de sidor du har bes\u00f6kt och dina inst\u00e4llningar och preferenser varje g\u00e5ng du bes\u00f6ker webbplatsen.<\/p>\n<!-- \/wp:paragraph -->\n\n<!-- wp:paragraph -->\n<p><strong>S\u00e4kerhetscookies<\/strong><\/p>\n<!-- \/wp:paragraph -->\n\n<!-- wp:paragraph -->\n<p>S\u00e4kerhetscookies hj\u00e4lper till att identifiera och f\u00f6rhindra s\u00e4kerhetsrisker. Vi anv\u00e4nder dessa cookies f\u00f6r att autentisera anv\u00e4ndare och skydda anv\u00e4ndardata fr\u00e5n obeh\u00f6riga parter.<\/p>\n<!-- \/wp:paragraph -->\n\n<!-- wp:paragraph -->\n<p><strong>Webbplatshanteringscookies<\/strong><\/p>\n<!-- \/wp:paragraph -->\n\n<!-- wp:paragraph -->\n<p>Webbplatshanteringscookies anv\u00e4nds f\u00f6r att uppr\u00e4tth\u00e5lla din identitet eller session p\u00e5 webbplatsen s\u00e5 att du inte loggas ut ov\u00e4ntat, och all information du anger beh\u00e5lls fr\u00e5n sida till sida. Dessa cookies kan inte st\u00e4ngas av individuellt, men du kan inaktivera alla cookies i din webbl\u00e4sare.<\/p>\n<!-- \/wp:paragraph -->\n\n<!-- wp:paragraph -->\n<p><strong>Tredjepartscookies<\/strong><\/p>\n<!-- \/wp:paragraph -->\n\n<!-- wp:paragraph -->\n<p>Webbplatsen har inte direkt kontroll \u00f6ver tredjepartscookies (den kan varken installera dem direkt eller radera dem). Anv\u00e4ndare kan dock hantera dessa cookies och v\u00e4gra samtycke till deras anv\u00e4ndning genom sina webbl\u00e4sarinst\u00e4llningar, som beskrivs i avsnittet &quot;Hur man hanterar cookie-inst\u00e4llningar&quot; nedan, eller genom att g\u00e5 till l\u00e4nkarna i tabellen nedan.<\/p>\n<!-- \/wp:paragraph -->\n\n<!-- wp:paragraph -->\n<p>Tabellen nedan inneh\u00e5ller information om tredje part som installerar cookies, tredjepartscookies som installerats av webbplatsen, deras funktioner och syften, l\u00e4nkar till deras integritetsmeddelanden och l\u00e4nkar till metoderna som ska anv\u00e4ndas f\u00f6r att avaktivera tredjepartscookies eller samtyckesformul\u00e4r som kan anv\u00e4ndas f\u00f6r att avaktivera dem.<\/p>\n<!-- \/wp:paragraph -->\n\n<!-- wp:paragraph -->\n<p><a href=\"https:\/\/www.facebook.com\/about\/privacy\/\" target=\"_blank\" rel=\"noreferrer noopener\">Facebook<\/a> (Facebook anpassad m\u00e5lgrupp)\u00a0 <br><a href=\"https:\/\/www.google.com\/settings\/u\/0\/ads\/authenticated?hl=en\" target=\"_blank\" rel=\"noreferrer noopener\">Google<\/a> (AdWords Remarketing) <br><a href=\"https:\/\/www.google.com\/settings\/u\/0\/ads\/authenticated?hl=en\" target=\"_blank\" rel=\"noreferrer noopener\">Google \/ Dubbelklicka<\/a> (Channel Intelligence <br><a href=\"https:\/\/www.google.com\/settings\/u\/0\/ads\/authenticated?hl=en\" target=\"_blank\" rel=\"noreferrer noopener\">Google \/ Dubbelklicka<\/a> (Dubbelklicka p\u00e5 DPA) <br><a href=\"https:\/\/www.google.com\/settings\/u\/0\/ads\/authenticated?hl=en\" target=\"_blank\" rel=\"noreferrer noopener\">Google \/ Dubbelklicka<\/a> (Dubbelklicka p\u00e5 Floodlight) <br>Bing Intressebaserad reklam <br><a href=\"https:\/\/www.linkedin.com\/psettings\/guest-controls\/retargeting-opt-out?trk=\" target=\"_blank\" rel=\"noreferrer noopener\">Linkedin Analytics<\/a><\/p>\n<!-- \/wp:paragraph -->\n\n<!-- wp:paragraph -->\n<p>Kontroll av cookies<\/p>\n<!-- \/wp:paragraph -->\n\n<!-- wp:paragraph -->\n<p>De flesta webbl\u00e4sare \u00e4r inst\u00e4llda p\u00e5 att acceptera cookies som standard. Du kan dock ta bort eller avvisa cookies i din webbl\u00e4sares inst\u00e4llningar. Var medveten om att en s\u00e5dan \u00e5tg\u00e4rd kan p\u00e5verka webbplatsens tillg\u00e4nglighet och funktionalitet.<\/p>\n<!-- \/wp:paragraph -->\n\n<!-- wp:paragraph -->\n<p>F\u00f6r mer information om hur du kontrollerar cookies, kontrollera din webbl\u00e4sare eller enhets inst\u00e4llningar f\u00f6r hur du kan kontrollera eller avvisa cookies, eller bes\u00f6k f\u00f6ljande l\u00e4nkar:<\/p>\n<!-- \/wp:paragraph -->\n\n<!-- wp:paragraph -->\n<p><a href=\"https:\/\/support.apple.com\/kb\/ph19214?locale=en_US\" target=\"_blank\" rel=\"noreferrer noopener\">Apple Safari<\/a><br><a href=\"https:\/\/support.google.com\/chrome\/answer\/95647?co=GENIE.Platform%3DDesktop&amp;hl=en\" target=\"_blank\" rel=\"noreferrer noopener\">Google Chrome<\/a><br><a href=\"https:\/\/privacy.microsoft.com\/en-us\/windows-10-microsoft-edge-and-privacy\" target=\"_blank\" rel=\"noreferrer noopener\">Microsoft Edge<\/a><br><a href=\"https:\/\/support.microsoft.com\/en-gb\/help\/17442\/windows-internet-explorer-delete-manage-cookies\" target=\"_blank\" rel=\"noreferrer noopener\">Microsoft Internet Explorer<\/a><br><a href=\"https:\/\/support.mozilla.org\/en-US\/kb\/enable-and-disable-cookies-website-preferences\" target=\"_blank\" rel=\"noreferrer noopener\">Mozilla Firefox<\/a><br><a href=\"https:\/\/www.opera.com\/help\/tutorials\/security\/cookies\/\" target=\"_blank\" rel=\"noreferrer noopener\">Opera<\/a><br><a href=\"https:\/\/support.google.com\/chrome\/answer\/95647?co=GENIE.Platform%3DAndroid&amp;hl=en&amp;oco=1\" target=\"_blank\" rel=\"noreferrer noopener\">Android (Chrome)<\/a><br><a href=\"https:\/\/help.blackberry.com\/en\/blackberry-classic\/10.3.1\/help\/mwa1334238823957.html\" target=\"_blank\" rel=\"noreferrer noopener\">Bj\u00f6rnb\u00e4r<\/a><br><a href=\"https:\/\/support.google.com\/chrome\/answer\/95647?co=GENIE.Platform%3DiOS&amp;hl=en&amp;oco=1\" target=\"_blank\" rel=\"noreferrer noopener\">Iphone eller Ipad (Chrome)<\/a><br>Iphone eller Ipad (Safari)<\/p>\n<!-- \/wp:paragraph -->\n\n<!-- wp:paragraph -->\n<p>Dessutom kan du v\u00e4lja bort vissa tredjepartscookies genom\u00a0<a href=\"http:\/\/optout.networkadvertising.org\/#!\/\" target=\"_blank\" rel=\"noreferrer noopener\">Network Advertising Initiatives opt-out-verktyg<\/a>.<\/p>\n<!-- \/wp:paragraph -->\n\n<!-- wp:heading -->\n<h2 class=\"wp-block-heading\">Andra sp\u00e5rningstekniker<\/h2>\n<!-- \/wp:heading -->\n\n<!-- wp:paragraph -->\n<p>F\u00f6rutom cookies kan vi anv\u00e4nda webbsignaler, pixeltaggar och andra sp\u00e5rningstekniker p\u00e5 webbplatsen f\u00f6r att hj\u00e4lpa till att anpassa webbplatsen och f\u00f6rb\u00e4ttra din upplevelse. En &quot;web beacon&quot; eller &quot;pixel tag&quot; \u00e4r ett litet objekt eller en bild som \u00e4r inb\u00e4ddad i en webbsida eller e-post. De anv\u00e4nds f\u00f6r att sp\u00e5ra antalet anv\u00e4ndare som har bes\u00f6kt vissa sidor och tittat p\u00e5 e-postmeddelanden, och skaffa annan statistisk data. De samlar bara in en begr\u00e4nsad upps\u00e4ttning data, s\u00e5som ett cookienummer, tid och datum f\u00f6r sidan eller e-postvisning, och en beskrivning av sidan eller e-postmeddelandet d\u00e4r de finns. Webbeacons och pixeltaggar kan inte avvisas. Du kan dock begr\u00e4nsa deras anv\u00e4ndning genom att kontrollera cookies som interagerar med dem.<\/p>\n<!-- \/wp:paragraph -->\n\n<!-- wp:heading -->\n<h2 class=\"wp-block-heading\">Kontakta oss <\/h2>\n<!-- \/wp:heading -->\n\n<!-- wp:paragraph -->\n<p>Om du har fr\u00e5gor eller kommentarer om denna cookiepolicy, v\u00e4nligen kontakta oss p\u00e5:<a href=\"mailto:info@universalkraft.com\"><\/a><a href=\"mailto:info@uh2.eu\"><br>info@uh2.eu<\/a><br>+351 224 046 338<br>R. de Guerra Junqueiro 566, 4150-387 Porto<\/p>\n<!-- \/wp:paragraph -->\t\t\t\t\t\t<\/div>\n\t\t\t\t<\/div>\n\t\t\t\t\t<\/div>\n\t\t\t\t<\/div>\n\t\t\t\t<\/div>","protected":false},"excerpt":{"rendered":"<p>Cookie Policy A cookie policy is a declaration to all users on what cookies are active on your website, what user data they track, for what purpose, and where in the world this data is sent. We use cookies to recognise your browser or device, learn more about your interests and provide you with essential [&hellip;]<\/p>","protected":false},"author":1,"featured_media":5811,"parent":0,"menu_order":0,"comment_status":"closed","ping_status":"closed","template":"elementor_canvas","meta":{"_acf_changed":false,"footnotes":""},"class_list":["post-6651","page","type-page","status-publish","has-post-thumbnail","hentry"],"acf":[],"_links":{"self":[{"href":"https:\/\/dev.uh2.eu\/sv\/wp-json\/wp\/v2\/pages\/6651","targetHints":{"allow":["GET"]}}],"collection":[{"href":"https:\/\/dev.uh2.eu\/sv\/wp-json\/wp\/v2\/pages"}],"about":[{"href":"https:\/\/dev.uh2.eu\/sv\/wp-json\/wp\/v2\/types\/page"}],"author":[{"embeddable":true,"href":"https:\/\/dev.uh2.eu\/sv\/wp-json\/wp\/v2\/users\/1"}],"replies":[{"embeddable":true,"href":"https:\/\/dev.uh2.eu\/sv\/wp-json\/wp\/v2\/comments?post=6651"}],"version-history":[{"count":23,"href":"https:\/\/dev.uh2.eu\/sv\/wp-json\/wp\/v2\/pages\/6651\/revisions"}],"predecessor-version":[{"id":6677,"href":"https:\/\/dev.uh2.eu\/sv\/wp-json\/wp\/v2\/pages\/6651\/revisions\/6677"}],"wp:featuredmedia":[{"embeddable":true,"href":"https:\/\/dev.uh2.eu\/sv\/wp-json\/wp\/v2\/media\/5811"}],"wp:attachment":[{"href":"https:\/\/dev.uh2.eu\/sv\/wp-json\/wp\/v2\/media?parent=6651"}],"curies":[{"name":"wp","href":"https:\/\/api.w.org\/{rel}","templated":true}]}}