{"id":13,"date":"2023-09-06T14:08:04","date_gmt":"2023-09-06T14:08:04","guid":{"rendered":"https:\/\/demosites.royal-elementor-addons.com\/solar-energy-v1\/?page_id=13"},"modified":"2024-04-30T08:48:07","modified_gmt":"2024-04-30T08:48:07","slug":"green-hydrogen","status":"publish","type":"page","link":"https:\/\/dev.uh2.eu\/pt\/green-hydrogen\/","title":{"rendered":"Hidrog\u00eanio Verde"},"content":{"rendered":"<div data-elementor-type=\"wp-page\" data-elementor-id=\"13\" class=\"elementor elementor-13\" data-elementor-post-type=\"page\">\n\t\t\t\t\t\t<section class=\"elementor-section elementor-top-section elementor-element elementor-element-5f3c5162 elementor-section-height-min-height elementor-section-full_width elementor-section-height-default elementor-section-items-middle wpr-particle-no wpr-jarallax-no wpr-parallax-no wpr-sticky-section-no\" data-id=\"5f3c5162\" data-element_type=\"section\" data-settings=\"{&quot;background_background&quot;:&quot;classic&quot;}\">\n\t\t\t\t\t\t\t<div class=\"elementor-background-overlay\"><\/div>\n\t\t\t\t\t\t\t<div class=\"elementor-container elementor-column-gap-default\">\n\t\t\t\t\t<div class=\"elementor-column elementor-col-100 elementor-top-column elementor-element elementor-element-267246e2\" data-id=\"267246e2\" data-element_type=\"column\">\n\t\t\t<div class=\"elementor-widget-wrap elementor-element-populated\">\n\t\t\t\t\t\t<div class=\"elementor-element elementor-element-4294f4b3 elementor-invisible elementor-widget elementor-widget-heading\" data-id=\"4294f4b3\" data-element_type=\"widget\" data-settings=\"{&quot;_animation&quot;:&quot;fadeIn&quot;}\" data-widget_type=\"heading.default\">\n\t\t\t\t<div class=\"elementor-widget-container\">\n\t\t\t<style>\/*! elementor - v3.21.0 - 30-04-2024 *\/\n.elementor-heading-title{padding:0;margin:0;line-height:1}.elementor-widget-heading .elementor-heading-title[class*=elementor-size-]>a{color:inherit;font-size:inherit;line-height:inherit}.elementor-widget-heading .elementor-heading-title.elementor-size-small{font-size:15px}.elementor-widget-heading .elementor-heading-title.elementor-size-medium{font-size:19px}.elementor-widget-heading .elementor-heading-title.elementor-size-large{font-size:29px}.elementor-widget-heading .elementor-heading-title.elementor-size-xl{font-size:39px}.elementor-widget-heading .elementor-heading-title.elementor-size-xxl{font-size:59px}<\/style><h2 class=\"elementor-heading-title elementor-size-default\">Hidrog\u00eanio Verde<\/h2>\t\t<\/div>\n\t\t\t\t<\/div>\n\t\t\t\t<div class=\"elementor-element elementor-element-51d5ba3 elementor-widget elementor-widget-heading\" data-id=\"51d5ba3\" data-element_type=\"widget\" data-widget_type=\"heading.default\">\n\t\t\t\t<div class=\"elementor-widget-container\">\n\t\t\t<h2 class=\"elementor-heading-title elementor-size-default\">O hidrog\u00e9nio \u00e9 um elo necess\u00e1rio para uma sociedade totalmente descarbonizada\n<\/h2>\t\t<\/div>\n\t\t\t\t<\/div>\n\t\t\t\t\t<\/div>\n\t\t<\/div>\n\t\t\t\t\t<\/div>\n\t\t<\/section>\n\t\t<div class=\"elementor-element elementor-element-473d0d3 e-flex e-con-boxed wpr-particle-no wpr-jarallax-no wpr-parallax-no wpr-sticky-section-no e-con e-parent\" data-id=\"473d0d3\" data-element_type=\"container\">\n\t\t\t\t\t<div class=\"e-con-inner\">\n\t\t\t\t<div class=\"elementor-element elementor-element-39f5fa1 elementor-widget elementor-widget-heading\" data-id=\"39f5fa1\" data-element_type=\"widget\" data-widget_type=\"heading.default\">\n\t\t\t\t<div class=\"elementor-widget-container\">\n\t\t\t<h2 class=\"elementor-heading-title elementor-size-default\">Hidrog\u00eanio ou Hidrog\u00eanio Verde?<\/h2>\t\t<\/div>\n\t\t\t\t<\/div>\n\t\t\t\t<div class=\"elementor-element elementor-element-7b783c0 elementor-widget elementor-widget-heading\" data-id=\"7b783c0\" data-element_type=\"widget\" data-widget_type=\"heading.default\">\n\t\t\t\t<div class=\"elementor-widget-container\">\n\t\t\t<h2 class=\"elementor-heading-title elementor-size-default\">A diferen\u00e7a entre o hidrog\u00e9nio e o hidrog\u00e9nio verde reside nos seus m\u00e9todos de produ\u00e7\u00e3o e no impacto ambiental. Embora o hidrog\u00e9nio convencional seja frequentemente produzido a partir de combust\u00edveis f\u00f3sseis e esteja associado a emiss\u00f5es de carbono, o hidrog\u00e9nio verde \u00e9 produzido utilizando fontes de energia renov\u00e1veis e tem um impacto ambiental m\u00ednimo, tornando-o uma ferramenta crucial na transi\u00e7\u00e3o para uma economia de baixo carbono.<\/h2>\t\t<\/div>\n\t\t\t\t<\/div>\n\t\t\t\t\t<\/div>\n\t\t\t\t<\/div>\n\t\t\t\t<section class=\"elementor-section elementor-top-section elementor-element elementor-element-784de69 elementor-section-boxed elementor-section-height-default elementor-section-height-default wpr-particle-no wpr-jarallax-no wpr-parallax-no wpr-sticky-section-no\" data-id=\"784de69\" data-element_type=\"section\">\n\t\t\t\t\t\t<div class=\"elementor-container elementor-column-gap-default\">\n\t\t\t\t\t<div class=\"elementor-column elementor-col-50 elementor-top-column elementor-element elementor-element-b7eed1c\" data-id=\"b7eed1c\" data-element_type=\"column\" data-settings=\"{&quot;animation&quot;:&quot;none&quot;}\">\n\t\t\t<div class=\"elementor-widget-wrap elementor-element-populated\">\n\t\t\t\t\t\t<div class=\"elementor-element elementor-element-eeadbcb elementor-widget elementor-widget-image\" data-id=\"eeadbcb\" data-element_type=\"widget\" data-widget_type=\"image.default\">\n\t\t\t\t<div class=\"elementor-widget-container\">\n\t\t\t<style>\/*! elementor - v3.21.0 - 30-04-2024 *\/\n.elementor-widget-image{text-align:center}.elementor-widget-image a{display:inline-block}.elementor-widget-image a img[src$=\".svg\"]{width:48px}.elementor-widget-image img{vertical-align:middle;display:inline-block}<\/style>\t\t\t\t\t\t\t\t\t\t<img fetchpriority=\"high\" decoding=\"async\" width=\"960\" height=\"540\" src=\"https:\/\/dev.uh2.eu\/wp-content\/uploads\/2024\/03\/why-hydrogen-1024x576.webp\" class=\"attachment-large size-large wp-image-2616\" alt=\"why-hydrogen\" srcset=\"https:\/\/dev.uh2.eu\/wp-content\/uploads\/2024\/03\/why-hydrogen-1024x576.webp 1024w, https:\/\/dev.uh2.eu\/wp-content\/uploads\/2024\/03\/why-hydrogen-300x169.webp 300w, https:\/\/dev.uh2.eu\/wp-content\/uploads\/2024\/03\/why-hydrogen-768x432.webp 768w, https:\/\/dev.uh2.eu\/wp-content\/uploads\/2024\/03\/why-hydrogen-1536x864.webp 1536w, https:\/\/dev.uh2.eu\/wp-content\/uploads\/2024\/03\/why-hydrogen.webp 1920w\" sizes=\"(max-width: 960px) 100vw, 960px\" \/>\t\t\t\t\t\t\t\t\t\t\t\t\t<\/div>\n\t\t\t\t<\/div>\n\t\t\t\t\t<\/div>\n\t\t<\/div>\n\t\t\t\t<div class=\"elementor-column elementor-col-50 elementor-top-column elementor-element elementor-element-5d9d0a7\" data-id=\"5d9d0a7\" data-element_type=\"column\" data-settings=\"{&quot;animation&quot;:&quot;none&quot;}\">\n\t\t\t<div class=\"elementor-widget-wrap elementor-element-populated\">\n\t\t\t\t\t\t<div class=\"elementor-element elementor-element-518a46f elementor-widget elementor-widget-text-editor\" data-id=\"518a46f\" data-element_type=\"widget\" data-widget_type=\"text-editor.default\">\n\t\t\t\t<div class=\"elementor-widget-container\">\n\t\t\t<style>\/*! elementor - v3.21.0 - 30-04-2024 *\/\n.elementor-widget-text-editor.elementor-drop-cap-view-stacked .elementor-drop-cap{background-color:#69727d;color:#fff}.elementor-widget-text-editor.elementor-drop-cap-view-framed .elementor-drop-cap{color:#69727d;border:3px solid;background-color:transparent}.elementor-widget-text-editor:not(.elementor-drop-cap-view-default) .elementor-drop-cap{margin-top:8px}.elementor-widget-text-editor:not(.elementor-drop-cap-view-default) .elementor-drop-cap-letter{width:1em;height:1em}.elementor-widget-text-editor .elementor-drop-cap{float:left;text-align:center;line-height:1;font-size:50px}.elementor-widget-text-editor .elementor-drop-cap-letter{display:inline-block}<\/style>\t\t\t\t<p><strong>Emiss\u00f5es Zero<\/strong>: A produ\u00e7\u00e3o de hidrog\u00e9nio verde n\u00e3o emite gases com efeito de estufa nem poluentes, contribuindo para um ar mais limpo e para a mitiga\u00e7\u00e3o das altera\u00e7\u00f5es clim\u00e1ticas.<\/p><p><strong>Integra\u00e7\u00e3o de Energia Renov\u00e1vel<\/strong>: O hidrog\u00e9nio verde pode armazenar o excesso de energia renov\u00e1vel, ajudando a equilibrar a procura da rede e a aumentar a fiabilidade das fontes de energia renov\u00e1veis, como a energia solar e a e\u00f3lica.<\/p><p><strong>Versatilidade<\/strong>: O hidrog\u00e9nio verde pode ser utilizado em v\u00e1rios setores, incluindo transporte, ind\u00fastria, gera\u00e7\u00e3o de energia, aquecimento e agricultura, oferecendo uma solu\u00e7\u00e3o vers\u00e1til e escal\u00e1vel para m\u00faltiplas aplica\u00e7\u00f5es.<\/p><p><strong>Seguranca energetica<\/strong>: Ao produzir hidrog\u00e9nio a partir de fontes renov\u00e1veis a n\u00edvel interno, os pa\u00edses podem reduzir a depend\u00eancia de combust\u00edveis f\u00f3sseis importados e aumentar a seguran\u00e7a energ\u00e9tica.<\/p><p><strong>Crescimento econ\u00f4mico<\/strong>: A ind\u00fastria do hidrog\u00e9nio verde tem potencial para criar novos empregos, impulsionar a inova\u00e7\u00e3o e estimular o crescimento econ\u00f3mico em regi\u00f5es com abundantes recursos energ\u00e9ticos renov\u00e1veis.<\/p>\t\t\t\t\t\t<\/div>\n\t\t\t\t<\/div>\n\t\t\t\t\t<\/div>\n\t\t<\/div>\n\t\t\t\t\t<\/div>\n\t\t<\/section>\n\t\t<div class=\"elementor-element elementor-element-d8358a4 e-flex e-con-boxed wpr-particle-no wpr-jarallax-no wpr-parallax-no wpr-sticky-section-no e-con e-parent\" data-id=\"d8358a4\" data-element_type=\"container\" data-settings=\"{&quot;background_background&quot;:&quot;classic&quot;}\">\n\t\t\t\t\t<div class=\"e-con-inner\">\n\t\t\t\t<div class=\"elementor-element elementor-element-4964132 elementor-widget elementor-widget-heading\" data-id=\"4964132\" data-element_type=\"widget\" data-widget_type=\"heading.default\">\n\t\t\t\t<div class=\"elementor-widget-container\">\n\t\t\t<h2 class=\"elementor-heading-title elementor-size-default\">Principais aplica\u00e7\u00f5es do Hidrog\u00eanio Verde<\/h2>\t\t<\/div>\n\t\t\t\t<\/div>\n\t\t\t\t<div class=\"elementor-element elementor-element-953fa40 elementor-widget elementor-widget-heading\" data-id=\"953fa40\" data-element_type=\"widget\" data-widget_type=\"heading.default\">\n\t\t\t\t<div class=\"elementor-widget-container\">\n\t\t\t<h2 class=\"elementor-heading-title elementor-size-default\">O hidrog\u00e9nio verde, produzido a partir de fontes renov\u00e1veis como a energia solar e e\u00f3lica, est\u00e1 a ganhar for\u00e7a como um transportador de energia vers\u00e1til e sustent\u00e1vel, com uma vasta gama de aplica\u00e7\u00f5es em v\u00e1rios setores. <\/h2>\t\t<\/div>\n\t\t\t\t<\/div>\n\t\t\t\t\t<\/div>\n\t\t\t\t<\/div>\n\t\t\t\t<section class=\"elementor-section elementor-top-section elementor-element elementor-element-2fb7347 elementor-section-height-min-height elementor-section-boxed elementor-section-height-default elementor-section-items-middle wpr-particle-no wpr-jarallax-no wpr-parallax-no wpr-sticky-section-no\" data-id=\"2fb7347\" data-element_type=\"section\">\n\t\t\t\t\t\t<div class=\"elementor-container elementor-column-gap-default\">\n\t\t\t\t\t<div class=\"elementor-column elementor-col-50 elementor-top-column elementor-element elementor-element-b939bb9\" data-id=\"b939bb9\" data-element_type=\"column\" data-settings=\"{&quot;animation&quot;:&quot;none&quot;}\">\n\t\t\t<div class=\"elementor-widget-wrap elementor-element-populated\">\n\t\t\t\t\t\t<div class=\"elementor-element elementor-element-76e21fc elementor-widget elementor-widget-image\" data-id=\"76e21fc\" data-element_type=\"widget\" data-widget_type=\"image.default\">\n\t\t\t\t<div class=\"elementor-widget-container\">\n\t\t\t\t\t\t\t\t\t\t\t\t\t<img decoding=\"async\" width=\"960\" height=\"486\" src=\"https:\/\/dev.uh2.eu\/wp-content\/uploads\/2024\/04\/website-banner-1024x518.webp\" class=\"attachment-large size-large wp-image-7176\" alt=\"\" srcset=\"https:\/\/dev.uh2.eu\/wp-content\/uploads\/2024\/04\/website-banner-1024x518.webp 1024w, https:\/\/dev.uh2.eu\/wp-content\/uploads\/2024\/04\/website-banner-300x152.webp 300w, https:\/\/dev.uh2.eu\/wp-content\/uploads\/2024\/04\/website-banner-768x388.webp 768w, https:\/\/dev.uh2.eu\/wp-content\/uploads\/2024\/04\/website-banner-1536x777.webp 1536w, https:\/\/dev.uh2.eu\/wp-content\/uploads\/2024\/04\/website-banner-18x9.webp 18w, https:\/\/dev.uh2.eu\/wp-content\/uploads\/2024\/04\/website-banner-1320x667.webp 1320w, https:\/\/dev.uh2.eu\/wp-content\/uploads\/2024\/04\/website-banner.webp 1800w\" sizes=\"(max-width: 960px) 100vw, 960px\" \/>\t\t\t\t\t\t\t\t\t\t\t\t\t<\/div>\n\t\t\t\t<\/div>\n\t\t\t\t\t<\/div>\n\t\t<\/div>\n\t\t\t\t<div class=\"elementor-column elementor-col-50 elementor-top-column elementor-element elementor-element-d397a43\" data-id=\"d397a43\" data-element_type=\"column\" data-settings=\"{&quot;animation&quot;:&quot;none&quot;}\">\n\t\t\t<div class=\"elementor-widget-wrap elementor-element-populated\">\n\t\t\t\t\t\t<div class=\"elementor-element elementor-element-f8e83cb elementor-widget elementor-widget-text-editor\" data-id=\"f8e83cb\" data-element_type=\"widget\" data-widget_type=\"text-editor.default\">\n\t\t\t\t<div class=\"elementor-widget-container\">\n\t\t\t\t\t\t\t<p><strong>Transporte<\/strong>: O hidrog\u00e9nio verde pode ser utilizado como combust\u00edvel limpo para ve\u00edculos com c\u00e9lulas de combust\u00edvel (FCV), autocarros, cami\u00f5es, comboios e at\u00e9 navios. Oferece mobilidade com emiss\u00e3o zero, especialmente para transporte pesado e de longa dist\u00e2ncia, onde ve\u00edculos el\u00e9tricos a bateria podem ser impratic\u00e1veis devido a restri\u00e7\u00f5es de peso ou autonomia.<\/p><p><strong>Armazenamento de energia<\/strong>: O hidrog\u00e9nio verde pode servir como forma de armazenamento de energia, armazenando o excesso de energia renov\u00e1vel gerada durante per\u00edodos de alta produ\u00e7\u00e3o e libertando-a quando necess\u00e1rio. Pode ajudar a equilibrar a procura da rede, estabilizar as fontes de energia renov\u00e1veis e proporcionar resili\u00eancia \u00e0 rede.<\/p><p><strong>Gera\u00e7\u00e3o de energia:<\/strong> O hidrog\u00e9nio verde pode ser utilizado em c\u00e9lulas de combust\u00edvel para gerar eletricidade, fornecendo uma fonte de energia limpa e fi\u00e1vel para aplica\u00e7\u00f5es estacion\u00e1rias e port\u00e1teis. Pode complementar fontes de energia renov\u00e1veis intermitentes, como energia solar e e\u00f3lica, fornecendo fornecimento cont\u00ednuo de energia.<\/p><p><strong>Aquecimento e resfriamento<\/strong>: O hidrog\u00eanio verde pode ser usado em c\u00e9lulas de combust\u00edvel ou sistemas de combust\u00e3o para aplica\u00e7\u00f5es de aquecimento e resfriamento residenciais, comerciais e industriais. Oferece uma alternativa limpa e eficiente ao g\u00e1s natural e outros combust\u00edveis f\u00f3sseis, reduzindo as emiss\u00f5es de carbono dos sistemas de aquecimento e refrigera\u00e7\u00e3o.<\/p>\t\t\t\t\t\t<\/div>\n\t\t\t\t<\/div>\n\t\t\t\t\t<\/div>\n\t\t<\/div>\n\t\t\t\t\t<\/div>\n\t\t<\/section>\n\t\t<div class=\"elementor-element elementor-element-c9e33b9 e-flex e-con-boxed wpr-particle-no wpr-jarallax-no wpr-parallax-no wpr-sticky-section-no e-con e-parent\" data-id=\"c9e33b9\" data-element_type=\"container\">\n\t\t\t\t\t<div class=\"e-con-inner\">\n\t\t\t\t<div class=\"elementor-element elementor-element-3bc5bc6 elementor-widget elementor-widget-heading\" data-id=\"3bc5bc6\" data-element_type=\"widget\" data-widget_type=\"heading.default\">\n\t\t\t\t<div class=\"elementor-widget-container\">\n\t\t\t<h2 class=\"elementor-heading-title elementor-size-default\">M\u00e9todos de produ\u00e7\u00e3o de hidrog\u00eanio verde<\/h2>\t\t<\/div>\n\t\t\t\t<\/div>\n\t\t\t\t<div class=\"elementor-element elementor-element-2a0fb9b elementor-widget elementor-widget-heading\" data-id=\"2a0fb9b\" data-element_type=\"widget\" data-widget_type=\"heading.default\">\n\t\t\t\t<div class=\"elementor-widget-container\">\n\t\t\t<h2 class=\"elementor-heading-title elementor-size-default\">Os m\u00e9todos de produ\u00e7\u00e3o de hidrog\u00e9nio verde normalmente giram em torno de fontes de energia renov\u00e1veis, principalmente eletr\u00f3lise. Aqui est\u00e3o alguns pontos-chave sobre m\u00e9todos de produ\u00e7\u00e3o de hidrog\u00eanio verde<\/h2>\t\t<\/div>\n\t\t\t\t<\/div>\n\t\t\t\t\t<\/div>\n\t\t\t\t<\/div>\n\t\t\t\t<section class=\"elementor-section elementor-top-section elementor-element elementor-element-49aa4a3 elementor-section-height-min-height elementor-section-boxed elementor-section-height-default elementor-section-items-middle wpr-particle-no wpr-jarallax-no wpr-parallax-no wpr-sticky-section-no\" data-id=\"49aa4a3\" data-element_type=\"section\">\n\t\t\t\t\t\t<div class=\"elementor-container elementor-column-gap-default\">\n\t\t\t\t\t<div class=\"elementor-column elementor-col-50 elementor-top-column elementor-element elementor-element-8aa8c41\" data-id=\"8aa8c41\" data-element_type=\"column\" data-settings=\"{&quot;animation&quot;:&quot;none&quot;}\">\n\t\t\t<div class=\"elementor-widget-wrap elementor-element-populated\">\n\t\t\t\t\t\t<div class=\"elementor-element elementor-element-b2299ce elementor-widget elementor-widget-image\" data-id=\"b2299ce\" data-element_type=\"widget\" data-widget_type=\"image.default\">\n\t\t\t\t<div class=\"elementor-widget-container\">\n\t\t\t\t\t\t\t\t\t\t\t\t\t<img decoding=\"async\" width=\"600\" height=\"340\" src=\"https:\/\/dev.uh2.eu\/wp-content\/uploads\/2024\/03\/3.webp\" class=\"attachment-large size-large wp-image-5795\" alt=\"\" srcset=\"https:\/\/dev.uh2.eu\/wp-content\/uploads\/2024\/03\/3.webp 600w, https:\/\/dev.uh2.eu\/wp-content\/uploads\/2024\/03\/3-300x170.webp 300w, https:\/\/dev.uh2.eu\/wp-content\/uploads\/2024\/03\/3-18x10.webp 18w\" sizes=\"(max-width: 600px) 100vw, 600px\" \/>\t\t\t\t\t\t\t\t\t\t\t\t\t<\/div>\n\t\t\t\t<\/div>\n\t\t\t\t\t<\/div>\n\t\t<\/div>\n\t\t\t\t<div class=\"elementor-column elementor-col-50 elementor-top-column elementor-element elementor-element-1577ae5\" data-id=\"1577ae5\" data-element_type=\"column\" data-settings=\"{&quot;animation&quot;:&quot;none&quot;}\">\n\t\t\t<div class=\"elementor-widget-wrap elementor-element-populated\">\n\t\t\t\t\t\t<div class=\"elementor-element elementor-element-6508898 elementor-widget elementor-widget-text-editor\" data-id=\"6508898\" data-element_type=\"widget\" data-widget_type=\"text-editor.default\">\n\t\t\t\t<div class=\"elementor-widget-container\">\n\t\t\t\t\t\t\t<p><strong>Eletr\u00f3lise da membrana de troca de pr\u00f3tons (PEM)<\/strong>: A eletr\u00f3lise PEM emprega uma membrana de troca de pr\u00f3tons para separar os \u00e1tomos de hidrog\u00eanio e oxig\u00eanio. Opera em temperaturas relativamente baixas e \u00e9 adequado para aplica\u00e7\u00f5es de pequena escala e opera\u00e7\u00e3o intermitente.<\/p><p><strong>Eletr\u00f3lise Alcalina<\/strong>: A eletr\u00f3lise alcalina utiliza uma solu\u00e7\u00e3o eletrol\u00edtica alcalina, normalmente hidr\u00f3xido de pot\u00e1ssio (KOH) ou hidr\u00f3xido de s\u00f3dio (NaOH), e opera em temperaturas mais altas. Est\u00e1 bem estabelecido e amplamente utilizado para a produ\u00e7\u00e3o de hidrog\u00eanio em larga escala.<\/p><p><strong>Eletr\u00f3lise de \u00d3xido S\u00f3lido<\/strong>: A eletr\u00f3lise de \u00f3xido s\u00f3lido opera em altas temperaturas usando um eletr\u00f3lito de \u00f3xido s\u00f3lido. Pode ser integrado com fontes de calor de alta temperatura, como energia solar concentrada ou calor residual industrial, para melhorar a efici\u00eancia.<\/p><p><strong>Produ\u00e7\u00e3o de hidrog\u00eanio fotoeletroqu\u00edmico (PEC)<\/strong>: A produ\u00e7\u00e3o de hidrog\u00eanio PEC envolve o uso de semicondutores para converter diretamente a energia solar em hidrog\u00eanio. \u00c9 um m\u00e9todo promissor para a produ\u00e7\u00e3o sustent\u00e1vel e descentralizada de hidrog\u00e9nio, mas ainda est\u00e1 em fase de investiga\u00e7\u00e3o e desenvolvimento.<\/p>\t\t\t\t\t\t<\/div>\n\t\t\t\t<\/div>\n\t\t\t\t\t<\/div>\n\t\t<\/div>\n\t\t\t\t\t<\/div>\n\t\t<\/section>\n\t\t\t\t<\/div>","protected":false},"excerpt":{"rendered":"<p>Green Hydrogen Hydrogen is a necessary link to a fully decarbonized society Hydrogen or Green Hydrogen? The difference between hydrogen and green hydrogen lies in their production methods and environmental impact. While conventional hydrogen is often produced from fossil fuels and associated with carbon emissions, green hydrogen is produced using renewable energy sources and has [&hellip;]<\/p>","protected":false},"author":1,"featured_media":0,"parent":0,"menu_order":0,"comment_status":"closed","ping_status":"closed","template":"elementor_canvas","meta":{"_acf_changed":false,"footnotes":""},"class_list":["post-13","page","type-page","status-publish","hentry"],"acf":[],"_links":{"self":[{"href":"https:\/\/dev.uh2.eu\/pt\/wp-json\/wp\/v2\/pages\/13","targetHints":{"allow":["GET"]}}],"collection":[{"href":"https:\/\/dev.uh2.eu\/pt\/wp-json\/wp\/v2\/pages"}],"about":[{"href":"https:\/\/dev.uh2.eu\/pt\/wp-json\/wp\/v2\/types\/page"}],"author":[{"embeddable":true,"href":"https:\/\/dev.uh2.eu\/pt\/wp-json\/wp\/v2\/users\/1"}],"replies":[{"embeddable":true,"href":"https:\/\/dev.uh2.eu\/pt\/wp-json\/wp\/v2\/comments?post=13"}],"version-history":[{"count":179,"href":"https:\/\/dev.uh2.eu\/pt\/wp-json\/wp\/v2\/pages\/13\/revisions"}],"predecessor-version":[{"id":8370,"href":"https:\/\/dev.uh2.eu\/pt\/wp-json\/wp\/v2\/pages\/13\/revisions\/8370"}],"wp:attachment":[{"href":"https:\/\/dev.uh2.eu\/pt\/wp-json\/wp\/v2\/media?parent=13"}],"curies":[{"name":"wp","href":"https:\/\/api.w.org\/{rel}","templated":true}]}}