{"id":13,"date":"2023-09-06T14:08:04","date_gmt":"2023-09-06T14:08:04","guid":{"rendered":"https:\/\/demosites.royal-elementor-addons.com\/solar-energy-v1\/?page_id=13"},"modified":"2024-04-30T08:48:07","modified_gmt":"2024-04-30T08:48:07","slug":"green-hydrogen","status":"publish","type":"page","link":"https:\/\/dev.uh2.eu\/es\/green-hydrogen\/","title":{"rendered":"Hidr\u00f3geno verde"},"content":{"rendered":"<div data-elementor-type=\"wp-page\" data-elementor-id=\"13\" class=\"elementor elementor-13\" data-elementor-post-type=\"page\">\n\t\t\t\t\t\t<section class=\"elementor-section elementor-top-section elementor-element elementor-element-5f3c5162 elementor-section-height-min-height elementor-section-full_width elementor-section-height-default elementor-section-items-middle wpr-particle-no wpr-jarallax-no wpr-parallax-no wpr-sticky-section-no\" data-id=\"5f3c5162\" data-element_type=\"section\" data-settings=\"{&quot;background_background&quot;:&quot;classic&quot;}\">\n\t\t\t\t\t\t\t<div class=\"elementor-background-overlay\"><\/div>\n\t\t\t\t\t\t\t<div class=\"elementor-container elementor-column-gap-default\">\n\t\t\t\t\t<div class=\"elementor-column elementor-col-100 elementor-top-column elementor-element elementor-element-267246e2\" data-id=\"267246e2\" data-element_type=\"column\">\n\t\t\t<div class=\"elementor-widget-wrap elementor-element-populated\">\n\t\t\t\t\t\t<div class=\"elementor-element elementor-element-4294f4b3 elementor-invisible elementor-widget elementor-widget-heading\" data-id=\"4294f4b3\" data-element_type=\"widget\" data-settings=\"{&quot;_animation&quot;:&quot;fadeIn&quot;}\" data-widget_type=\"heading.default\">\n\t\t\t\t<div class=\"elementor-widget-container\">\n\t\t\t<style>\/*! elementor - v3.21.0 - 30-04-2024 *\/\n.elementor-heading-title{padding:0;margin:0;line-height:1}.elementor-widget-heading .elementor-heading-title[class*=elementor-size-]>a{color:inherit;font-size:inherit;line-height:inherit}.elementor-widget-heading .elementor-heading-title.elementor-size-small{font-size:15px}.elementor-widget-heading .elementor-heading-title.elementor-size-medium{font-size:19px}.elementor-widget-heading .elementor-heading-title.elementor-size-large{font-size:29px}.elementor-widget-heading .elementor-heading-title.elementor-size-xl{font-size:39px}.elementor-widget-heading .elementor-heading-title.elementor-size-xxl{font-size:59px}<\/style><h2 class=\"elementor-heading-title elementor-size-default\">Hidr\u00f3geno verde<\/h2>\t\t<\/div>\n\t\t\t\t<\/div>\n\t\t\t\t<div class=\"elementor-element elementor-element-51d5ba3 elementor-widget elementor-widget-heading\" data-id=\"51d5ba3\" data-element_type=\"widget\" data-widget_type=\"heading.default\">\n\t\t\t\t<div class=\"elementor-widget-container\">\n\t\t\t<h2 class=\"elementor-heading-title elementor-size-default\">El hidr\u00f3geno es un v\u00ednculo necesario para una sociedad totalmente descarbonizada\n<\/h2>\t\t<\/div>\n\t\t\t\t<\/div>\n\t\t\t\t\t<\/div>\n\t\t<\/div>\n\t\t\t\t\t<\/div>\n\t\t<\/section>\n\t\t<div class=\"elementor-element elementor-element-473d0d3 e-flex e-con-boxed wpr-particle-no wpr-jarallax-no wpr-parallax-no wpr-sticky-section-no e-con e-parent\" data-id=\"473d0d3\" data-element_type=\"container\">\n\t\t\t\t\t<div class=\"e-con-inner\">\n\t\t\t\t<div class=\"elementor-element elementor-element-39f5fa1 elementor-widget elementor-widget-heading\" data-id=\"39f5fa1\" data-element_type=\"widget\" data-widget_type=\"heading.default\">\n\t\t\t\t<div class=\"elementor-widget-container\">\n\t\t\t<h2 class=\"elementor-heading-title elementor-size-default\">\u00bfHidr\u00f3geno o hidr\u00f3geno verde?<\/h2>\t\t<\/div>\n\t\t\t\t<\/div>\n\t\t\t\t<div class=\"elementor-element elementor-element-7b783c0 elementor-widget elementor-widget-heading\" data-id=\"7b783c0\" data-element_type=\"widget\" data-widget_type=\"heading.default\">\n\t\t\t\t<div class=\"elementor-widget-container\">\n\t\t\t<h2 class=\"elementor-heading-title elementor-size-default\">La diferencia entre el hidr\u00f3geno y el hidr\u00f3geno verde radica en sus m\u00e9todos de producci\u00f3n y su impacto medioambiental. Mientras que el hidr\u00f3geno convencional se produce a menudo a partir de combustibles f\u00f3siles y se asocia con emisiones de carbono, el hidr\u00f3geno verde se produce utilizando fuentes de energ\u00eda renovables y tiene un impacto ambiental m\u00ednimo, lo que lo convierte en una herramienta crucial en la transici\u00f3n hacia una econom\u00eda baja en carbono.<\/h2>\t\t<\/div>\n\t\t\t\t<\/div>\n\t\t\t\t\t<\/div>\n\t\t\t\t<\/div>\n\t\t\t\t<section class=\"elementor-section elementor-top-section elementor-element elementor-element-784de69 elementor-section-boxed elementor-section-height-default elementor-section-height-default wpr-particle-no wpr-jarallax-no wpr-parallax-no wpr-sticky-section-no\" data-id=\"784de69\" data-element_type=\"section\">\n\t\t\t\t\t\t<div class=\"elementor-container elementor-column-gap-default\">\n\t\t\t\t\t<div class=\"elementor-column elementor-col-50 elementor-top-column elementor-element elementor-element-b7eed1c\" data-id=\"b7eed1c\" data-element_type=\"column\" data-settings=\"{&quot;animation&quot;:&quot;none&quot;}\">\n\t\t\t<div class=\"elementor-widget-wrap elementor-element-populated\">\n\t\t\t\t\t\t<div class=\"elementor-element elementor-element-eeadbcb elementor-widget elementor-widget-image\" data-id=\"eeadbcb\" data-element_type=\"widget\" data-widget_type=\"image.default\">\n\t\t\t\t<div class=\"elementor-widget-container\">\n\t\t\t<style>\/*! elementor - v3.21.0 - 30-04-2024 *\/\n.elementor-widget-image{text-align:center}.elementor-widget-image a{display:inline-block}.elementor-widget-image a img[src$=\".svg\"]{width:48px}.elementor-widget-image img{vertical-align:middle;display:inline-block}<\/style>\t\t\t\t\t\t\t\t\t\t<img fetchpriority=\"high\" decoding=\"async\" width=\"960\" height=\"540\" src=\"https:\/\/dev.uh2.eu\/wp-content\/uploads\/2024\/03\/why-hydrogen-1024x576.webp\" class=\"attachment-large size-large wp-image-2616\" alt=\"why-hydrogen\" srcset=\"https:\/\/dev.uh2.eu\/wp-content\/uploads\/2024\/03\/why-hydrogen-1024x576.webp 1024w, https:\/\/dev.uh2.eu\/wp-content\/uploads\/2024\/03\/why-hydrogen-300x169.webp 300w, https:\/\/dev.uh2.eu\/wp-content\/uploads\/2024\/03\/why-hydrogen-768x432.webp 768w, https:\/\/dev.uh2.eu\/wp-content\/uploads\/2024\/03\/why-hydrogen-1536x864.webp 1536w, https:\/\/dev.uh2.eu\/wp-content\/uploads\/2024\/03\/why-hydrogen.webp 1920w\" sizes=\"(max-width: 960px) 100vw, 960px\" \/>\t\t\t\t\t\t\t\t\t\t\t\t\t<\/div>\n\t\t\t\t<\/div>\n\t\t\t\t\t<\/div>\n\t\t<\/div>\n\t\t\t\t<div class=\"elementor-column elementor-col-50 elementor-top-column elementor-element elementor-element-5d9d0a7\" data-id=\"5d9d0a7\" data-element_type=\"column\" data-settings=\"{&quot;animation&quot;:&quot;none&quot;}\">\n\t\t\t<div class=\"elementor-widget-wrap elementor-element-populated\">\n\t\t\t\t\t\t<div class=\"elementor-element elementor-element-518a46f elementor-widget elementor-widget-text-editor\" data-id=\"518a46f\" data-element_type=\"widget\" data-widget_type=\"text-editor.default\">\n\t\t\t\t<div class=\"elementor-widget-container\">\n\t\t\t<style>\/*! elementor - v3.21.0 - 30-04-2024 *\/\n.elementor-widget-text-editor.elementor-drop-cap-view-stacked .elementor-drop-cap{background-color:#69727d;color:#fff}.elementor-widget-text-editor.elementor-drop-cap-view-framed .elementor-drop-cap{color:#69727d;border:3px solid;background-color:transparent}.elementor-widget-text-editor:not(.elementor-drop-cap-view-default) .elementor-drop-cap{margin-top:8px}.elementor-widget-text-editor:not(.elementor-drop-cap-view-default) .elementor-drop-cap-letter{width:1em;height:1em}.elementor-widget-text-editor .elementor-drop-cap{float:left;text-align:center;line-height:1;font-size:50px}.elementor-widget-text-editor .elementor-drop-cap-letter{display:inline-block}<\/style>\t\t\t\t<p><strong>Cero emisiones<\/strong>: La producci\u00f3n de hidr\u00f3geno verde no emite gases de efecto invernadero ni contaminantes, lo que contribuye a un aire m\u00e1s limpio y a mitigar el cambio clim\u00e1tico.<\/p><p><strong>Integraci\u00f3n de energ\u00edas renovables<\/strong>: El hidr\u00f3geno verde puede almacenar el exceso de energ\u00eda renovable, ayudando a equilibrar la demanda de la red y aumentar la confiabilidad de las fuentes de energ\u00eda renovables como la solar y la e\u00f3lica.<\/p><p><strong>Versatilidad<\/strong>: El hidr\u00f3geno verde se puede utilizar en diversos sectores, incluidos el transporte, la industria, la generaci\u00f3n de energ\u00eda, la calefacci\u00f3n y la agricultura, y ofrece una soluci\u00f3n vers\u00e1til y escalable para m\u00faltiples aplicaciones.<\/p><p><strong>Seguridad energ\u00e9tica<\/strong>: Al producir hidr\u00f3geno a partir de fuentes renovables a nivel nacional, los pa\u00edses pueden reducir la dependencia de los combustibles f\u00f3siles importados y mejorar la seguridad energ\u00e9tica.<\/p><p><strong>Crecimiento econ\u00f3mico<\/strong>: La industria del hidr\u00f3geno verde tiene el potencial de crear nuevos empleos, impulsar la innovaci\u00f3n y estimular el crecimiento econ\u00f3mico en regiones con abundantes recursos de energ\u00eda renovable.<\/p>\t\t\t\t\t\t<\/div>\n\t\t\t\t<\/div>\n\t\t\t\t\t<\/div>\n\t\t<\/div>\n\t\t\t\t\t<\/div>\n\t\t<\/section>\n\t\t<div class=\"elementor-element elementor-element-d8358a4 e-flex e-con-boxed wpr-particle-no wpr-jarallax-no wpr-parallax-no wpr-sticky-section-no e-con e-parent\" data-id=\"d8358a4\" data-element_type=\"container\" data-settings=\"{&quot;background_background&quot;:&quot;classic&quot;}\">\n\t\t\t\t\t<div class=\"e-con-inner\">\n\t\t\t\t<div class=\"elementor-element elementor-element-4964132 elementor-widget elementor-widget-heading\" data-id=\"4964132\" data-element_type=\"widget\" data-widget_type=\"heading.default\">\n\t\t\t\t<div class=\"elementor-widget-container\">\n\t\t\t<h2 class=\"elementor-heading-title elementor-size-default\">Principales aplicaciones del Hidr\u00f3geno Verde<\/h2>\t\t<\/div>\n\t\t\t\t<\/div>\n\t\t\t\t<div class=\"elementor-element elementor-element-953fa40 elementor-widget elementor-widget-heading\" data-id=\"953fa40\" data-element_type=\"widget\" data-widget_type=\"heading.default\">\n\t\t\t\t<div class=\"elementor-widget-container\">\n\t\t\t<h2 class=\"elementor-heading-title elementor-size-default\">El hidr\u00f3geno verde, producido a partir de fuentes renovables como la energ\u00eda solar y e\u00f3lica, est\u00e1 ganando terreno como portador de energ\u00eda vers\u00e1til y sostenible con una amplia gama de aplicaciones en diversas industrias. <\/h2>\t\t<\/div>\n\t\t\t\t<\/div>\n\t\t\t\t\t<\/div>\n\t\t\t\t<\/div>\n\t\t\t\t<section class=\"elementor-section elementor-top-section elementor-element elementor-element-2fb7347 elementor-section-height-min-height elementor-section-boxed elementor-section-height-default elementor-section-items-middle wpr-particle-no wpr-jarallax-no wpr-parallax-no wpr-sticky-section-no\" data-id=\"2fb7347\" data-element_type=\"section\">\n\t\t\t\t\t\t<div class=\"elementor-container elementor-column-gap-default\">\n\t\t\t\t\t<div class=\"elementor-column elementor-col-50 elementor-top-column elementor-element elementor-element-b939bb9\" data-id=\"b939bb9\" data-element_type=\"column\" data-settings=\"{&quot;animation&quot;:&quot;none&quot;}\">\n\t\t\t<div class=\"elementor-widget-wrap elementor-element-populated\">\n\t\t\t\t\t\t<div class=\"elementor-element elementor-element-76e21fc elementor-widget elementor-widget-image\" data-id=\"76e21fc\" data-element_type=\"widget\" data-widget_type=\"image.default\">\n\t\t\t\t<div class=\"elementor-widget-container\">\n\t\t\t\t\t\t\t\t\t\t\t\t\t<img decoding=\"async\" width=\"960\" height=\"486\" src=\"https:\/\/dev.uh2.eu\/wp-content\/uploads\/2024\/04\/website-banner-1024x518.webp\" class=\"attachment-large size-large wp-image-7176\" alt=\"\" srcset=\"https:\/\/dev.uh2.eu\/wp-content\/uploads\/2024\/04\/website-banner-1024x518.webp 1024w, https:\/\/dev.uh2.eu\/wp-content\/uploads\/2024\/04\/website-banner-300x152.webp 300w, https:\/\/dev.uh2.eu\/wp-content\/uploads\/2024\/04\/website-banner-768x388.webp 768w, https:\/\/dev.uh2.eu\/wp-content\/uploads\/2024\/04\/website-banner-1536x777.webp 1536w, https:\/\/dev.uh2.eu\/wp-content\/uploads\/2024\/04\/website-banner-18x9.webp 18w, https:\/\/dev.uh2.eu\/wp-content\/uploads\/2024\/04\/website-banner-1320x667.webp 1320w, https:\/\/dev.uh2.eu\/wp-content\/uploads\/2024\/04\/website-banner.webp 1800w\" sizes=\"(max-width: 960px) 100vw, 960px\" \/>\t\t\t\t\t\t\t\t\t\t\t\t\t<\/div>\n\t\t\t\t<\/div>\n\t\t\t\t\t<\/div>\n\t\t<\/div>\n\t\t\t\t<div class=\"elementor-column elementor-col-50 elementor-top-column elementor-element elementor-element-d397a43\" data-id=\"d397a43\" data-element_type=\"column\" data-settings=\"{&quot;animation&quot;:&quot;none&quot;}\">\n\t\t\t<div class=\"elementor-widget-wrap elementor-element-populated\">\n\t\t\t\t\t\t<div class=\"elementor-element elementor-element-f8e83cb elementor-widget elementor-widget-text-editor\" data-id=\"f8e83cb\" data-element_type=\"widget\" data-widget_type=\"text-editor.default\">\n\t\t\t\t<div class=\"elementor-widget-container\">\n\t\t\t\t\t\t\t<p><strong>Transporte<\/strong>: El hidr\u00f3geno verde se puede utilizar como combustible limpio para veh\u00edculos de pila de combustible (FCV), autobuses, camiones, trenes e incluso barcos. Ofrece movilidad sin emisiones, especialmente para el transporte pesado y de larga distancia, donde los veh\u00edculos el\u00e9ctricos de bater\u00eda pueden resultar poco pr\u00e1cticos debido a limitaciones de peso o autonom\u00eda.<\/p><p><strong>Almacen de energia<\/strong>: El hidr\u00f3geno verde puede servir como una forma de almacenamiento de energ\u00eda, almacenando el exceso de energ\u00eda renovable generada durante per\u00edodos de alta producci\u00f3n y liber\u00e1ndola cuando sea necesario. Puede ayudar a equilibrar la demanda de la red, estabilizar las fuentes de energ\u00eda renovables y proporcionar resiliencia a la red.<\/p><p><strong>Generaci\u00f3n de energ\u00eda:<\/strong> El hidr\u00f3geno verde se puede utilizar en pilas de combustible para generar electricidad, proporcionando una fuente de energ\u00eda fiable y limpia tanto para aplicaciones estacionarias como port\u00e1tiles. Puede complementar fuentes de energ\u00eda renovables intermitentes como la solar y la e\u00f3lica, proporcionando un suministro de energ\u00eda continuo.<\/p><p><strong>Calefacci\u00f3n y refrigeraci\u00f3n<\/strong>: El hidr\u00f3geno verde se puede utilizar en pilas de combustible o sistemas de combusti\u00f3n para aplicaciones de calefacci\u00f3n y refrigeraci\u00f3n residenciales, comerciales e industriales. Ofrece una alternativa limpia y eficiente al gas natural y otros combustibles f\u00f3siles, reduciendo las emisiones de carbono de los sistemas de calefacci\u00f3n y refrigeraci\u00f3n.<\/p>\t\t\t\t\t\t<\/div>\n\t\t\t\t<\/div>\n\t\t\t\t\t<\/div>\n\t\t<\/div>\n\t\t\t\t\t<\/div>\n\t\t<\/section>\n\t\t<div class=\"elementor-element elementor-element-c9e33b9 e-flex e-con-boxed wpr-particle-no wpr-jarallax-no wpr-parallax-no wpr-sticky-section-no e-con e-parent\" data-id=\"c9e33b9\" data-element_type=\"container\">\n\t\t\t\t\t<div class=\"e-con-inner\">\n\t\t\t\t<div class=\"elementor-element elementor-element-3bc5bc6 elementor-widget elementor-widget-heading\" data-id=\"3bc5bc6\" data-element_type=\"widget\" data-widget_type=\"heading.default\">\n\t\t\t\t<div class=\"elementor-widget-container\">\n\t\t\t<h2 class=\"elementor-heading-title elementor-size-default\">M\u00e9todos de producci\u00f3n de hidr\u00f3geno verde.<\/h2>\t\t<\/div>\n\t\t\t\t<\/div>\n\t\t\t\t<div class=\"elementor-element elementor-element-2a0fb9b elementor-widget elementor-widget-heading\" data-id=\"2a0fb9b\" data-element_type=\"widget\" data-widget_type=\"heading.default\">\n\t\t\t\t<div class=\"elementor-widget-container\">\n\t\t\t<h2 class=\"elementor-heading-title elementor-size-default\">Los m\u00e9todos de producci\u00f3n de hidr\u00f3geno verde suelen girar en torno a fuentes de energ\u00eda renovables, principalmente la electr\u00f3lisis. Aqu\u00ed hay algunos puntos clave sobre los m\u00e9todos de producci\u00f3n de hidr\u00f3geno verde.<\/h2>\t\t<\/div>\n\t\t\t\t<\/div>\n\t\t\t\t\t<\/div>\n\t\t\t\t<\/div>\n\t\t\t\t<section class=\"elementor-section elementor-top-section elementor-element elementor-element-49aa4a3 elementor-section-height-min-height elementor-section-boxed elementor-section-height-default elementor-section-items-middle wpr-particle-no wpr-jarallax-no wpr-parallax-no wpr-sticky-section-no\" data-id=\"49aa4a3\" data-element_type=\"section\">\n\t\t\t\t\t\t<div class=\"elementor-container elementor-column-gap-default\">\n\t\t\t\t\t<div class=\"elementor-column elementor-col-50 elementor-top-column elementor-element elementor-element-8aa8c41\" data-id=\"8aa8c41\" data-element_type=\"column\" data-settings=\"{&quot;animation&quot;:&quot;none&quot;}\">\n\t\t\t<div class=\"elementor-widget-wrap elementor-element-populated\">\n\t\t\t\t\t\t<div class=\"elementor-element elementor-element-b2299ce elementor-widget elementor-widget-image\" data-id=\"b2299ce\" data-element_type=\"widget\" data-widget_type=\"image.default\">\n\t\t\t\t<div class=\"elementor-widget-container\">\n\t\t\t\t\t\t\t\t\t\t\t\t\t<img decoding=\"async\" width=\"600\" height=\"340\" src=\"https:\/\/dev.uh2.eu\/wp-content\/uploads\/2024\/03\/3.webp\" class=\"attachment-large size-large wp-image-5795\" alt=\"\" srcset=\"https:\/\/dev.uh2.eu\/wp-content\/uploads\/2024\/03\/3.webp 600w, https:\/\/dev.uh2.eu\/wp-content\/uploads\/2024\/03\/3-300x170.webp 300w, https:\/\/dev.uh2.eu\/wp-content\/uploads\/2024\/03\/3-18x10.webp 18w\" sizes=\"(max-width: 600px) 100vw, 600px\" \/>\t\t\t\t\t\t\t\t\t\t\t\t\t<\/div>\n\t\t\t\t<\/div>\n\t\t\t\t\t<\/div>\n\t\t<\/div>\n\t\t\t\t<div class=\"elementor-column elementor-col-50 elementor-top-column elementor-element elementor-element-1577ae5\" data-id=\"1577ae5\" data-element_type=\"column\" data-settings=\"{&quot;animation&quot;:&quot;none&quot;}\">\n\t\t\t<div class=\"elementor-widget-wrap elementor-element-populated\">\n\t\t\t\t\t\t<div class=\"elementor-element elementor-element-6508898 elementor-widget elementor-widget-text-editor\" data-id=\"6508898\" data-element_type=\"widget\" data-widget_type=\"text-editor.default\">\n\t\t\t\t<div class=\"elementor-widget-container\">\n\t\t\t\t\t\t\t<p><strong>Electr\u00f3lisis de membrana de intercambio de protones (PEM)<\/strong>: La electr\u00f3lisis PEM emplea una membrana de intercambio de protones para separar los \u00e1tomos de hidr\u00f3geno y ox\u00edgeno. Funciona a temperaturas relativamente bajas y es adecuado para aplicaciones a peque\u00f1a escala y funcionamiento intermitente.<\/p><p><strong>Electr\u00f3lisis alcalina<\/strong>: La electr\u00f3lisis alcalina utiliza una soluci\u00f3n de electrolito alcalino, generalmente hidr\u00f3xido de potasio (KOH) o hidr\u00f3xido de sodio (NaOH), y funciona a temperaturas m\u00e1s altas. Est\u00e1 bien establecido y se utiliza ampliamente para la producci\u00f3n de hidr\u00f3geno a gran escala.<\/p><p><strong>Electr\u00f3lisis de \u00f3xido s\u00f3lido<\/strong>: La electr\u00f3lisis de \u00f3xido s\u00f3lido funciona a altas temperaturas utilizando un electrolito de \u00f3xido s\u00f3lido. Puede integrarse con fuentes de calor de alta temperatura, como energ\u00eda solar concentrada o calor residual industrial, para mejorar la eficiencia.<\/p><p><strong>Producci\u00f3n de hidr\u00f3geno fotoelectroqu\u00edmico (PEC)<\/strong>: La producci\u00f3n de hidr\u00f3geno PEC implica el uso de semiconductores para convertir directamente la energ\u00eda solar en hidr\u00f3geno. Es un m\u00e9todo prometedor para la producci\u00f3n sostenible y descentralizada de hidr\u00f3geno, pero a\u00fan se encuentra en la etapa de investigaci\u00f3n y desarrollo.<\/p>\t\t\t\t\t\t<\/div>\n\t\t\t\t<\/div>\n\t\t\t\t\t<\/div>\n\t\t<\/div>\n\t\t\t\t\t<\/div>\n\t\t<\/section>\n\t\t\t\t<\/div>","protected":false},"excerpt":{"rendered":"<p>Green Hydrogen Hydrogen is a necessary link to a fully decarbonized society Hydrogen or Green Hydrogen? The difference between hydrogen and green hydrogen lies in their production methods and environmental impact. While conventional hydrogen is often produced from fossil fuels and associated with carbon emissions, green hydrogen is produced using renewable energy sources and has [&hellip;]<\/p>","protected":false},"author":1,"featured_media":0,"parent":0,"menu_order":0,"comment_status":"closed","ping_status":"closed","template":"elementor_canvas","meta":{"_acf_changed":false,"footnotes":""},"class_list":["post-13","page","type-page","status-publish","hentry"],"acf":[],"_links":{"self":[{"href":"https:\/\/dev.uh2.eu\/es\/wp-json\/wp\/v2\/pages\/13","targetHints":{"allow":["GET"]}}],"collection":[{"href":"https:\/\/dev.uh2.eu\/es\/wp-json\/wp\/v2\/pages"}],"about":[{"href":"https:\/\/dev.uh2.eu\/es\/wp-json\/wp\/v2\/types\/page"}],"author":[{"embeddable":true,"href":"https:\/\/dev.uh2.eu\/es\/wp-json\/wp\/v2\/users\/1"}],"replies":[{"embeddable":true,"href":"https:\/\/dev.uh2.eu\/es\/wp-json\/wp\/v2\/comments?post=13"}],"version-history":[{"count":179,"href":"https:\/\/dev.uh2.eu\/es\/wp-json\/wp\/v2\/pages\/13\/revisions"}],"predecessor-version":[{"id":8370,"href":"https:\/\/dev.uh2.eu\/es\/wp-json\/wp\/v2\/pages\/13\/revisions\/8370"}],"wp:attachment":[{"href":"https:\/\/dev.uh2.eu\/es\/wp-json\/wp\/v2\/media?parent=13"}],"curies":[{"name":"wp","href":"https:\/\/api.w.org\/{rel}","templated":true}]}}